{"id":12565,"date":"2024-12-19T18:15:28","date_gmt":"2024-12-19T17:15:28","guid":{"rendered":"https:\/\/naturhoteltanca.com\/servizi-info\/"},"modified":"2025-02-01T08:49:42","modified_gmt":"2025-02-01T07:49:42","slug":"dienstleistungen-infos","status":"publish","type":"page","link":"https:\/\/naturhoteltanca.com\/de\/dienstleistungen-infos\/","title":{"rendered":"Dienstleistungen &#038; Infos"},"content":{"rendered":"\n<style type=\"text\/css\" data-created_by=\"avia_inline_auto\" id=\"style-css-av-m4vlwvxb-87421368c12d2df3eb73afcbc547c441\">\n.avia-section.av-m4vlwvxb-87421368c12d2df3eb73afcbc547c441{\nbackground-repeat:no-repeat;\nbackground-image:url(https:\/\/naturhoteltanca.com\/wp-content\/uploads\/2021\/04\/naturhoteltanca_ogliastra-3.jpg);\nbackground-position:50% 50%;\nbackground-attachment:scroll;\n}\n.avia-section.av-m4vlwvxb-87421368c12d2df3eb73afcbc547c441 .av-section-color-overlay{\nopacity:0.8;\nbackground-color:#33441e;\n}\n<\/style>\n<div id='av_section_1'  class='avia-section av-m4vlwvxb-87421368c12d2df3eb73afcbc547c441 main_color avia-section-default avia-no-border-styling  avia-builder-el-0  el_before_av_section  avia-builder-el-first  av-small-hide av-mini-hide avia-bg-style-scroll av-section-color-overlay-active av-minimum-height av-minimum-height-100 av-height-100  container_wrap fullsize'  data-section-bg-repeat='no-repeat' data-av_minimum_height_pc='100' data-av_min_height_opt='100'><div class=\"av-section-color-overlay-wrap\"><div class=\"av-section-color-overlay\"><\/div><a href='#next-section' title='' class='scroll-down-link ' aria-hidden='true' data-av_icon='\ue877' data-av_iconfont='entypo-fontello'><\/a><div class='container av-section-cont-open' ><main  role=\"main\" itemprop=\"mainContentOfPage\"  class='template-page content  av-content-full alpha units'><div class='post-entry post-entry-type-page post-entry-12565'><div class='entry-content-wrapper clearfix'>\n\n<style type=\"text\/css\" data-created_by=\"avia_inline_auto\" id=\"style-css-av-m4vl095d-f337385b4bbfcc456ab81ff4413e4b9d\">\n#top .av-special-heading.av-m4vl095d-f337385b4bbfcc456ab81ff4413e4b9d{\nmargin:0 0 25px 0;\npadding-bottom:0;\ncolor:#ffffff;\nfont-size:40px;\n}\nbody .av-special-heading.av-m4vl095d-f337385b4bbfcc456ab81ff4413e4b9d .av-special-heading-tag .heading-char{\nfont-size:25px;\n}\n#top #wrap_all .av-special-heading.av-m4vl095d-f337385b4bbfcc456ab81ff4413e4b9d .av-special-heading-tag{\nfont-size:40px;\n}\n.av-special-heading.av-m4vl095d-f337385b4bbfcc456ab81ff4413e4b9d .special-heading-inner-border{\nborder-color:#ffffff;\n}\n.av-special-heading.av-m4vl095d-f337385b4bbfcc456ab81ff4413e4b9d .av-subheading{\nfont-size:15px;\n}\n\n@media only screen and (min-width: 480px) and (max-width: 767px){ \n#top #wrap_all .av-special-heading.av-m4vl095d-f337385b4bbfcc456ab81ff4413e4b9d .av-special-heading-tag{\nfont-size:0.8em;\n}\n}\n\n@media only screen and (max-width: 479px){ \n#top #wrap_all .av-special-heading.av-m4vl095d-f337385b4bbfcc456ab81ff4413e4b9d .av-special-heading-tag{\nfont-size:0.8em;\n}\n}\n<\/style>\n<div  class='av-special-heading av-m4vl095d-f337385b4bbfcc456ab81ff4413e4b9d av-special-heading-h1 custom-color-heading blockquote modern-quote  avia-builder-el-1  avia-builder-el-no-sibling  av-thin-font av-inherit-size'><h1 class='av-special-heading-tag '  itemprop=\"headline\"  >Unsere <strong>Dienstleistungen<\/strong> f\u00fcr Ihren Aufenthalt<\/h1><div class=\"special-heading-border\"><div class=\"special-heading-inner-border\"><\/div><\/div><\/div>\n<\/div><\/div><\/main><!-- close content main element --><\/div><\/div><\/div>\n<style type=\"text\/css\" data-created_by=\"avia_inline_auto\" id=\"style-css-av-m4vmdc2y-3cf06d90ae0cc27d0c4cbf5a9263d2b8\">\n.avia-section.av-m4vmdc2y-3cf06d90ae0cc27d0c4cbf5a9263d2b8{\nbackground-repeat:no-repeat;\nbackground-image:url(https:\/\/naturhoteltanca.com\/wp-content\/uploads\/2021\/04\/naturhoteltanca_ogliastra-3.jpg);\nbackground-position:50% 50%;\nbackground-attachment:scroll;\n}\n.avia-section.av-m4vmdc2y-3cf06d90ae0cc27d0c4cbf5a9263d2b8 .av-section-color-overlay{\nopacity:0.8;\nbackground-color:#33441e;\n}\n<\/style>\n<div id='av_section_2'  class='avia-section av-m4vmdc2y-3cf06d90ae0cc27d0c4cbf5a9263d2b8 main_color avia-section-default avia-no-border-styling  avia-builder-el-2  el_after_av_section  el_before_av_one_full  av-desktop-hide av-medium-hide avia-bg-style-scroll av-section-color-overlay-active av-minimum-height av-minimum-height-75 av-height-75  container_wrap fullsize'  data-section-bg-repeat='no-repeat' data-av_minimum_height_pc='75' data-av_min_height_opt='75'><div class=\"av-section-color-overlay-wrap\"><div class=\"av-section-color-overlay\"><\/div><a href='#next-section' title='' class='scroll-down-link ' aria-hidden='true' data-av_icon='\ue877' data-av_iconfont='entypo-fontello'><\/a><div class='container av-section-cont-open' ><div class='template-page content  av-content-full alpha units'><div class='post-entry post-entry-type-page post-entry-12565'><div class='entry-content-wrapper clearfix'>\n\n<style type=\"text\/css\" data-created_by=\"avia_inline_auto\" id=\"style-css-av-m4vmlkpj-c319259ea1bffa52bdf6f41bba0b612e\">\n#top .av-special-heading.av-m4vmlkpj-c319259ea1bffa52bdf6f41bba0b612e{\nmargin:0 0 25px 0;\npadding-bottom:0;\ncolor:#ffffff;\nfont-size:40px;\n}\nbody .av-special-heading.av-m4vmlkpj-c319259ea1bffa52bdf6f41bba0b612e .av-special-heading-tag .heading-char{\nfont-size:25px;\n}\n#top #wrap_all .av-special-heading.av-m4vmlkpj-c319259ea1bffa52bdf6f41bba0b612e .av-special-heading-tag{\nfont-size:40px;\n}\n.av-special-heading.av-m4vmlkpj-c319259ea1bffa52bdf6f41bba0b612e .special-heading-inner-border{\nborder-color:#ffffff;\n}\n.av-special-heading.av-m4vmlkpj-c319259ea1bffa52bdf6f41bba0b612e .av-subheading{\nfont-size:15px;\n}\n\n@media only screen and (min-width: 480px) and (max-width: 767px){ \n#top #wrap_all .av-special-heading.av-m4vmlkpj-c319259ea1bffa52bdf6f41bba0b612e .av-special-heading-tag{\nfont-size:0.8em;\n}\n}\n\n@media only screen and (max-width: 479px){ \n#top #wrap_all .av-special-heading.av-m4vmlkpj-c319259ea1bffa52bdf6f41bba0b612e .av-special-heading-tag{\nfont-size:0.8em;\n}\n}\n<\/style>\n<div  class='av-special-heading av-m4vmlkpj-c319259ea1bffa52bdf6f41bba0b612e av-special-heading-h1 custom-color-heading blockquote modern-quote  avia-builder-el-3  avia-builder-el-no-sibling  av-thin-font av-inherit-size'><h1 class='av-special-heading-tag '  itemprop=\"headline\"  >Unsere <strong>Dienstleistungen<\/strong> f\u00fcr Ihren Aufenthalt<\/h1><div class=\"special-heading-border\"><div class=\"special-heading-inner-border\"><\/div><\/div><\/div>\n<\/div><\/div><\/div><!-- close content main div --><\/div><\/div><\/div><div id='after_section_2'  class='main_color av_default_container_wrap container_wrap fullsize'  ><div class='container av-section-cont-open' ><div class='template-page content  av-content-full alpha units'><div class='post-entry post-entry-type-page post-entry-12565'><div class='entry-content-wrapper clearfix'><div  class='flex_column av-24tefbh-27ee280e8b86b0749d9d61a543016bf1 av_one_full  avia-builder-el-4  el_after_av_section  el_before_av_section  avia-builder-el-no-sibling  first flex_column_div  '     ><p>\n<style type=\"text\/css\" data-created_by=\"avia_inline_auto\" id=\"style-css-av-m4vmadf6-836a6c9fd28ebcd4d7671add4bc806a3\">\n#top .av-special-heading.av-m4vmadf6-836a6c9fd28ebcd4d7671add4bc806a3{\npadding-bottom:10px;\n}\nbody .av-special-heading.av-m4vmadf6-836a6c9fd28ebcd4d7671add4bc806a3 .av-special-heading-tag .heading-char{\nfont-size:25px;\n}\n.av-special-heading.av-m4vmadf6-836a6c9fd28ebcd4d7671add4bc806a3 .av-subheading{\nfont-size:15px;\n}\n<\/style>\n<div  class='av-special-heading av-m4vmadf6-836a6c9fd28ebcd4d7671add4bc806a3 av-special-heading-h2 blockquote modern-quote modern-centered  avia-builder-el-5  el_before_av_button  avia-builder-el-first  av-thin-font'><h2 class='av-special-heading-tag '  itemprop=\"headline\"  >Gastfreundschaft <strong>Natur inspiriert<\/strong><\/h2><div class=\"special-heading-border\"><div class=\"special-heading-inner-border\"><\/div><\/div><\/div><br \/>\n<div  class='avia-button-wrap av-m4vm2gvf-f11e946d96a0a77dca54d0c913b2b005-wrap avia-button-center  avia-builder-el-6  el_after_av_heading  avia-builder-el-last '><a href='https:\/\/naturhoteltanca.com\/es\/quienes-somos\/'  class='avia-button av-m4vm2gvf-f11e946d96a0a77dca54d0c913b2b005 av-link-btn avia-icon_select-yes-left-icon avia-size-small avia-position-center avia-color-theme-color'   aria-label=\"Unsere Philosophie\"><span class='avia_button_icon avia_button_icon_left' aria-hidden='true' data-av_icon='\ue8b8' data-av_iconfont='entypo-fontello'><\/span><span class='avia_iconbox_title' >Unsere Philosophie<\/span><\/a><\/div><\/p><\/div><\/div><\/div><\/div><!-- close content main div --><\/div><\/div>\n<style type=\"text\/css\" data-created_by=\"avia_inline_auto\" id=\"style-css-av-m4vl9upv-972ed388c4d304675f91d7a523ba31a3\">\n.avia-section.av-m4vl9upv-972ed388c4d304675f91d7a523ba31a3{\nbackground-color:#33441e;\nbackground-image:unset;\n}\n<\/style>\n<div id='av_section_3'  class='avia-section av-m4vl9upv-972ed388c4d304675f91d7a523ba31a3 main_color avia-section-default avia-no-border-styling  avia-builder-el-7  el_after_av_one_full  el_before_av_one_full  avia-bg-style-scroll container_wrap fullsize'  ><div class='container av-section-cont-open' ><div class='template-page content  av-content-full alpha units'><div class='post-entry post-entry-type-page post-entry-12565'><div class='entry-content-wrapper clearfix'>\n\n<style type=\"text\/css\" data-created_by=\"avia_inline_auto\" id=\"style-css-av-m4vmfzr5-dc915ab6868fe0c736c8876a4bf326ea\">\n#top .av_textblock_section.av-m4vmfzr5-dc915ab6868fe0c736c8876a4bf326ea .avia_textblock{\ncolor:#ffffff;\n}\n<\/style>\n<section  class='av_textblock_section av-m4vmfzr5-dc915ab6868fe0c736c8876a4bf326ea '   itemscope=\"itemscope\" itemtype=\"https:\/\/schema.org\/CreativeWork\" ><div class='avia_textblock av_inherit_color'  itemprop=\"text\" ><h3><strong>Verantwortung f\u00fcr die Umwelt<\/strong><\/h3>\n<p>Im Einklang mit der uns umgebenden Natur und den Sch\u00f6nheiten unserer Region <strong>z\u00e4hlen wir auf Ihre Mithilfe<\/strong>, um <u>einige bewusste Entscheidungen zu treffen und <strong>Abfall zu reduzieren<\/strong><\/u>.<\/p>\n<\/div><\/section>\n<\/div><\/div><\/div><!-- close content main div --><\/div><\/div><div id='after_section_3'  class='main_color av_default_container_wrap container_wrap fullsize'  ><div class='container av-section-cont-open' ><div class='template-page content  av-content-full alpha units'><div class='post-entry post-entry-type-page post-entry-12565'><div class='entry-content-wrapper clearfix'><div  class='flex_column av-pukr7x-b126bdc13abeeb0e2fb8e26fd1b4e29a av_one_full  avia-builder-el-9  el_after_av_section  el_before_av_section  avia-builder-el-no-sibling  first flex_column_div  '     ><section  class='av_textblock_section av-m4vl8q8w-5cb44d1e809e7ce2c55966c475005064 '   itemscope=\"itemscope\" itemtype=\"https:\/\/schema.org\/CreativeWork\" ><div class='avia_textblock'  itemprop=\"text\" ><h3><strong>M\u00fclltrennung, Abfallreduzierung und -recycling<\/strong><\/h3>\n<p>Rohstoffe sind begrenzt, daher m\u00f6chten wir deren Recycling und Wiederverwendung durch eine M\u00fclltrennung erm\u00f6glichen. <u>Machen Sie bitte mit<\/u>: nutzen Sie die getrennten Abfallbeh\u00e4lter, die Sie in Ihrer Unterkunft finden, und folgen Sie den Anweisungen im Leitfaden, den Sie beim Check-in erhalten.<\/p>\n<\/div><\/section><\/div><\/div><\/div><\/div><!-- close content main div --><\/div><\/div>\n<style type=\"text\/css\" data-created_by=\"avia_inline_auto\" id=\"style-css-av-m4vla3ub-bb59ebd86c34379a921ebf1f9d9504a3\">\n.avia-section.av-m4vla3ub-bb59ebd86c34379a921ebf1f9d9504a3{\nbackground-color:#33441e;\nbackground-image:unset;\n}\n<\/style>\n<div id='av_section_4'  class='avia-section av-m4vla3ub-bb59ebd86c34379a921ebf1f9d9504a3 main_color avia-section-default avia-no-border-styling  avia-builder-el-11  el_after_av_one_full  el_before_av_one_full  avia-bg-style-scroll container_wrap fullsize'  ><div class='container av-section-cont-open' ><div class='template-page content  av-content-full alpha units'><div class='post-entry post-entry-type-page post-entry-12565'><div class='entry-content-wrapper clearfix'>\n\n<style type=\"text\/css\" data-created_by=\"avia_inline_auto\" id=\"style-css-av-m4vl91qp-5e1591e9aa81620ce25971864f270f00\">\n#top .av_textblock_section.av-m4vl91qp-5e1591e9aa81620ce25971864f270f00 .avia_textblock{\ncolor:#ffffff;\n}\n<\/style>\n<section  class='av_textblock_section av-m4vl91qp-5e1591e9aa81620ce25971864f270f00 '   itemscope=\"itemscope\" itemtype=\"https:\/\/schema.org\/CreativeWork\" ><div class='avia_textblock av_inherit_color'  itemprop=\"text\" ><h3><strong>Reduzierung des Wasser- und Energieverbrauchs<\/strong><\/h3>\n<p>Das <u>Waschen von W\u00e4sche belastet die Umwelt<\/u> durch den Verbrauch von Wasser und Reinigungsmitteln. Wenn Sie zur Verringerung der Umweltbelastung durch das Waschen beitragen m\u00f6chten, <u>k\u00f6nnen Sie Ihre Handt\u00fccher mehrmals verwenden.<br \/>\n<\/u><strong>Schlie\u00dfen Sie immer die Wasserh\u00e4hne.<br \/>\n<\/strong><u>Schalten Sie das Licht im Badezimmer und im Zimmer aus, wenn Sie es nicht ben\u00f6tigen.<br \/>\n<\/u>Wenn die Klimaanlage eingeschaltet ist, schlie\u00dfen Sie die Fenster.<br \/>\n<strong>Wenn Sie das Zimmer verlassen, schalten Sie die Klimaanlage und das Licht aus.<\/strong><\/p>\n<\/div><\/section>\n<\/div><\/div><\/div><!-- close content main div --><\/div><\/div><div id='after_section_4'  class='main_color av_default_container_wrap container_wrap fullsize'  ><div class='container av-section-cont-open' ><div class='template-page content  av-content-full alpha units'><div class='post-entry post-entry-type-page post-entry-12565'><div class='entry-content-wrapper clearfix'><div  class='flex_column av-1it0mb1-3dd6bdc8fd178cdb0c267dee9222b3c6 av_one_full  avia-builder-el-13  el_after_av_section  el_before_av_section  avia-builder-el-no-sibling  first flex_column_div  '     ><section  class='av_textblock_section av-m4vlg6oy-930987a83939d44b35097c59810c2cc0 '   itemscope=\"itemscope\" itemtype=\"https:\/\/schema.org\/CreativeWork\" ><div class='avia_textblock'  itemprop=\"text\" ><p>Wir haben uns bewusst daf\u00fcr entschieden, unsere Unterk\u00fcnfte <strong><u>nicht <\/u><\/strong><strong><u>m<\/u><\/strong><u>it Fernsehern auszustatten<\/u>, da wir glauben, dass der Urlaub die <u>beste Zeit ist, um gemeinsam Zeit zu verbringen<\/u> und dass die sch\u00f6nste Aussicht die unber\u00fchrte Natur ist.<\/p>\n<\/div><\/section><\/div><\/div><\/div><\/div><!-- close content main div --><\/div><\/div>\n<style type=\"text\/css\" data-created_by=\"avia_inline_auto\" id=\"style-css-av-12e1r8t-b2f916c6bde60748d40f063907bbc3a8\">\n.avia-section.av-12e1r8t-b2f916c6bde60748d40f063907bbc3a8{\nbackground-color:#33441e;\nbackground-image:unset;\n}\n<\/style>\n<div id='av_section_5'  class='avia-section av-12e1r8t-b2f916c6bde60748d40f063907bbc3a8 main_color avia-section-default avia-no-border-styling  avia-builder-el-15  el_after_av_one_full  el_before_av_one_full  avia-bg-style-scroll container_wrap fullsize'  ><div class='container av-section-cont-open' ><div class='template-page content  av-content-full alpha units'><div class='post-entry post-entry-type-page post-entry-12565'><div class='entry-content-wrapper clearfix'>\n\n<style type=\"text\/css\" data-created_by=\"avia_inline_auto\" id=\"style-css-av-m4vl4uhn-c55e189d0df3edd251084368fb538279\">\n#top .av_textblock_section.av-m4vl4uhn-c55e189d0df3edd251084368fb538279 .avia_textblock{\ncolor:#ffffff;\n}\n<\/style>\n<section  class='av_textblock_section av-m4vl4uhn-c55e189d0df3edd251084368fb538279 '   itemscope=\"itemscope\" itemtype=\"https:\/\/schema.org\/CreativeWork\" ><div class='avia_textblock av_inherit_color'  itemprop=\"text\" ><h3><strong>UNSERE SERVICELEISTUNGEN<\/strong><\/h3>\n<ul>\n<li>Schwimmbad mit sonnenterrasse, sonnenschirmen, liegest\u00fchlen und au\u00dfendusche<\/li>\n<li>Relaxbereich mit tischen, st\u00fchlen und sonnenschirmen direkt am pool<\/li>\n<li>Selbstbedienungs-kontinentales fr\u00fchst\u00fcck mit kaffee-service<\/li>\n<li>Kostenloses wlan<\/li>\n<li>Waschmaschine zur selbstbedienung (gegen geb\u00fchr)<\/li>\n<li>Trockner zur selbstbedienung (gegen geb\u00fchr)<\/li>\n<li>Haustiere kleiner gr\u00f6\u00dfe erlaubt, gegen aufpreis<\/li>\n<li>Kostenloser privatparkplatz f\u00fcr jede suite<\/li>\n<li>M\u00fclltrennung beh\u00e4lter f\u00fcr die m\u00fclltrennung stehen in jeder suite zur verf\u00fcgung<\/li>\n<\/ul>\n<\/div><\/section>\n<\/div><\/div><\/div><!-- close content main div --><\/div><\/div><div id='after_section_5'  class='main_color av_default_container_wrap container_wrap fullsize'  ><div class='container av-section-cont-open' ><div class='template-page content  av-content-full alpha units'><div class='post-entry post-entry-type-page post-entry-12565'><div class='entry-content-wrapper clearfix'><div  class='flex_column av-ni17bh-bf3eed66f1becce9f0cc7e492f292e18 av_one_full  avia-builder-el-17  el_after_av_section  avia-builder-el-no-sibling  first flex_column_div  '     ><section  class='av_textblock_section av-m4vlge1z-e309d7e86687b158861da36ec13ab3e6 '   itemscope=\"itemscope\" itemtype=\"https:\/\/schema.org\/CreativeWork\" ><div class='avia_textblock'  itemprop=\"text\" ><h3><strong>ALLGEMEINE INFORMATIONEN<\/strong><\/h3>\n<p><strong>\u00a0<\/strong><\/p>\n<p><strong><u>Der Check-in ist von 16:00 bis 19:30 Uhr am Anreisetag m\u00f6glich. Der Check-out muss bis 10:00 Uhr am Abreisetag erfolgen.<\/u><\/strong><\/p>\n<p><u>Sp\u00e4tere Ank\u00fcnfte nach 19:30<\/u> Uhr m\u00fcssen <u>rechtzeitig mit der Rezeption mitgeteilt <\/u>und abgesprochen werden.<\/p>\n<p>Im Preis inbegriffen sind: Bettw\u00e4sche und Handt\u00fccher, Verbrauch von Strom, Wasser und Gas sowie die Klimaanlage.<\/p>\n<p>Jede Suite verf\u00fcgt \u00fcber eine K\u00fcchenzeile, die mit Geschirr und Besteck ausgestattet ist. Bei Ihrer Ankunft ist die Suite mit Bettw\u00e4sche und Handt\u00fcchern ausgestattet.<\/p>\n<p>Handt\u00fccher werden alle 3-4 Tage gewechselt. Bei Aufenthalten <u>von mehr <\/u>als 6 N\u00e4chten ist eine w\u00f6chentliche Reinigung mit Wechsel der Bettw\u00e4sche vorgesehen.<\/p>\n<p>F\u00fcr zus\u00e4tzliche Reinigungsw\u00fcnsche w\u00e4hrend Ihres Aufenthalts wird ein Aufpreis berechnet.<\/p>\n<p><u>Bei nicht gereinigter K\u00fcchenzeile und Geschirr<\/u> wird bei Abreise eine Geb\u00fchr von 50,00 \u20ac erhoben.<\/p>\n<p>Die <u>Residence-Formel<\/u> beinhaltet kein Fr\u00fchst\u00fcck. <u>Das Fr\u00fchst\u00fcck ist nur bei ausdr\u00fccklicher Angabe im Preis inbegriffen. <\/u>Wenn es nicht inbegriffen ist, kann es vor Ort f\u00fcr einen Aufpreis von 10,00 \u20ac pro Person und Tag hinzugebucht werden.<\/p>\n<p>Fr\u00fchst\u00fcckszeiten: 08:00 bis 10:00 Uhr<\/p>\n<p>Kontinentales Fr\u00fchst\u00fccksbuffet: unterschiedliche M\u00fcslisorten, Kekse, Zwieback, Plumcake, Marmelade, Nutella, Honig, verschiedene Croissants, Aufschnitt, K\u00e4se, Brot, Joghurt, frisches Obst, Fruchts\u00e4fte, Milch, Tee und Kaffee.<\/p>\n<p><em><u>Gluten- und laktosefreie Produkte sind auf Anfrage erh\u00e4ltlich.<\/u><\/em> <em>Bitte geben Sie dies bei der Buchung oder beim Check-in an.<\/em><\/p>\n<p>\u00d6ffnungszeiten des Pools: 09:00 bis 20:00 Uhr.<\/p>\n<\/div><\/section><\/div><\/p>\n","protected":false},"excerpt":{"rendered":"","protected":false},"author":1,"featured_media":0,"parent":0,"menu_order":0,"comment_status":"closed","ping_status":"closed","template":"","meta":{"footnotes":""},"class_list":["post-12565","page","type-page","status-publish","hentry"],"yoast_head":"<!-- This site is optimized with the Yoast SEO plugin v27.3 - https:\/\/yoast.com\/product\/yoast-seo-wordpress\/ -->\n<title>Dienstleistungen &amp; Infos - Natur Hotel Tanca<\/title>\n<meta name=\"robots\" content=\"index, follow, max-snippet:-1, max-image-preview:large, max-video-preview:-1\" \/>\n<link rel=\"canonical\" href=\"https:\/\/naturhoteltanca.com\/de\/dienstleistungen-infos\/\" \/>\n<meta property=\"og:locale\" content=\"de_DE\" \/>\n<meta property=\"og:type\" content=\"article\" \/>\n<meta property=\"og:title\" content=\"Dienstleistungen &amp; Infos - Natur Hotel Tanca\" \/>\n<meta property=\"og:url\" content=\"https:\/\/naturhoteltanca.com\/de\/dienstleistungen-infos\/\" \/>\n<meta property=\"og:site_name\" content=\"Natur Hotel Tanca\" \/>\n<meta property=\"article:modified_time\" content=\"2025-02-01T07:49:42+00:00\" \/>\n<meta name=\"twitter:card\" content=\"summary_large_image\" \/>\n<meta name=\"twitter:label1\" content=\"Gesch\u00e4tzte Lesezeit\" \/>\n\t<meta name=\"twitter:data1\" content=\"3\u00a0Minuten\" \/>\n<script type=\"application\/ld+json\" class=\"yoast-schema-graph\">{\"@context\":\"https:\\\/\\\/schema.org\",\"@graph\":[{\"@type\":\"WebPage\",\"@id\":\"https:\\\/\\\/naturhoteltanca.com\\\/de\\\/dienstleistungen-infos\\\/\",\"url\":\"https:\\\/\\\/naturhoteltanca.com\\\/de\\\/dienstleistungen-infos\\\/\",\"name\":\"Dienstleistungen & Infos - Natur Hotel Tanca\",\"isPartOf\":{\"@id\":\"https:\\\/\\\/naturhoteltanca.com\\\/#website\"},\"datePublished\":\"2024-12-19T17:15:28+00:00\",\"dateModified\":\"2025-02-01T07:49:42+00:00\",\"breadcrumb\":{\"@id\":\"https:\\\/\\\/naturhoteltanca.com\\\/de\\\/dienstleistungen-infos\\\/#breadcrumb\"},\"inLanguage\":\"de\",\"potentialAction\":[{\"@type\":\"ReadAction\",\"target\":[\"https:\\\/\\\/naturhoteltanca.com\\\/de\\\/dienstleistungen-infos\\\/\"]}]},{\"@type\":\"BreadcrumbList\",\"@id\":\"https:\\\/\\\/naturhoteltanca.com\\\/de\\\/dienstleistungen-infos\\\/#breadcrumb\",\"itemListElement\":[{\"@type\":\"ListItem\",\"position\":1,\"name\":\"Home\",\"item\":\"https:\\\/\\\/naturhoteltanca.com\\\/home\\\/\"},{\"@type\":\"ListItem\",\"position\":2,\"name\":\"Dienstleistungen &#038; Infos\"}]},{\"@type\":\"WebSite\",\"@id\":\"https:\\\/\\\/naturhoteltanca.com\\\/#website\",\"url\":\"https:\\\/\\\/naturhoteltanca.com\\\/\",\"name\":\"Natur Hotel Tanca\",\"description\":\"La tua vacanza nel cuore dell'Ogliastra\",\"potentialAction\":[{\"@type\":\"SearchAction\",\"target\":{\"@type\":\"EntryPoint\",\"urlTemplate\":\"https:\\\/\\\/naturhoteltanca.com\\\/?s={search_term_string}\"},\"query-input\":{\"@type\":\"PropertyValueSpecification\",\"valueRequired\":true,\"valueName\":\"search_term_string\"}}],\"inLanguage\":\"de\"}]}<\/script>\n<!-- \/ Yoast SEO plugin. -->","yoast_head_json":{"title":"Dienstleistungen & Infos - Natur Hotel Tanca","robots":{"index":"index","follow":"follow","max-snippet":"max-snippet:-1","max-image-preview":"max-image-preview:large","max-video-preview":"max-video-preview:-1"},"canonical":"https:\/\/naturhoteltanca.com\/de\/dienstleistungen-infos\/","og_locale":"de_DE","og_type":"article","og_title":"Dienstleistungen & Infos - Natur Hotel Tanca","og_url":"https:\/\/naturhoteltanca.com\/de\/dienstleistungen-infos\/","og_site_name":"Natur Hotel Tanca","article_modified_time":"2025-02-01T07:49:42+00:00","twitter_card":"summary_large_image","twitter_misc":{"Gesch\u00e4tzte Lesezeit":"3\u00a0Minuten"},"schema":{"@context":"https:\/\/schema.org","@graph":[{"@type":"WebPage","@id":"https:\/\/naturhoteltanca.com\/de\/dienstleistungen-infos\/","url":"https:\/\/naturhoteltanca.com\/de\/dienstleistungen-infos\/","name":"Dienstleistungen & Infos - Natur Hotel Tanca","isPartOf":{"@id":"https:\/\/naturhoteltanca.com\/#website"},"datePublished":"2024-12-19T17:15:28+00:00","dateModified":"2025-02-01T07:49:42+00:00","breadcrumb":{"@id":"https:\/\/naturhoteltanca.com\/de\/dienstleistungen-infos\/#breadcrumb"},"inLanguage":"de","potentialAction":[{"@type":"ReadAction","target":["https:\/\/naturhoteltanca.com\/de\/dienstleistungen-infos\/"]}]},{"@type":"BreadcrumbList","@id":"https:\/\/naturhoteltanca.com\/de\/dienstleistungen-infos\/#breadcrumb","itemListElement":[{"@type":"ListItem","position":1,"name":"Home","item":"https:\/\/naturhoteltanca.com\/home\/"},{"@type":"ListItem","position":2,"name":"Dienstleistungen &#038; Infos"}]},{"@type":"WebSite","@id":"https:\/\/naturhoteltanca.com\/#website","url":"https:\/\/naturhoteltanca.com\/","name":"Natur Hotel Tanca","description":"La tua vacanza nel cuore dell'Ogliastra","potentialAction":[{"@type":"SearchAction","target":{"@type":"EntryPoint","urlTemplate":"https:\/\/naturhoteltanca.com\/?s={search_term_string}"},"query-input":{"@type":"PropertyValueSpecification","valueRequired":true,"valueName":"search_term_string"}}],"inLanguage":"de"}]}},"_links":{"self":[{"href":"https:\/\/naturhoteltanca.com\/de\/wp-json\/wp\/v2\/pages\/12565","targetHints":{"allow":["GET"]}}],"collection":[{"href":"https:\/\/naturhoteltanca.com\/de\/wp-json\/wp\/v2\/pages"}],"about":[{"href":"https:\/\/naturhoteltanca.com\/de\/wp-json\/wp\/v2\/types\/page"}],"author":[{"embeddable":true,"href":"https:\/\/naturhoteltanca.com\/de\/wp-json\/wp\/v2\/users\/1"}],"replies":[{"embeddable":true,"href":"https:\/\/naturhoteltanca.com\/de\/wp-json\/wp\/v2\/comments?post=12565"}],"version-history":[{"count":2,"href":"https:\/\/naturhoteltanca.com\/de\/wp-json\/wp\/v2\/pages\/12565\/revisions"}],"predecessor-version":[{"id":12574,"href":"https:\/\/naturhoteltanca.com\/de\/wp-json\/wp\/v2\/pages\/12565\/revisions\/12574"}],"wp:attachment":[{"href":"https:\/\/naturhoteltanca.com\/de\/wp-json\/wp\/v2\/media?parent=12565"}],"curies":[{"name":"wp","href":"https:\/\/api.w.org\/{rel}","templated":true}]}}