{"id":12513,"date":"2025-01-07T17:57:24","date_gmt":"2025-01-07T16:57:24","guid":{"rendered":"https:\/\/naturhoteltanca.com\/dove-siamo\/"},"modified":"2025-02-19T19:25:52","modified_gmt":"2025-02-19T18:25:52","slug":"donde-estamos","status":"publish","type":"page","link":"https:\/\/naturhoteltanca.com\/es\/donde-estamos\/","title":{"rendered":"D\u00f3nde estamos"},"content":{"rendered":"\n<style type=\"text\/css\" data-created_by=\"avia_inline_auto\" id=\"style-css-av-m5ms8d3p-700be833b38380e5aa70d3fc875008fe\">\n.avia-section.av-m5ms8d3p-700be833b38380e5aa70d3fc875008fe{\nbackground-repeat:no-repeat;\nbackground-image:url(https:\/\/naturhoteltanca.com\/wp-content\/uploads\/2021\/04\/Cardedu-domus-de-janas-2.jpg);\nbackground-position:50% 50%;\nbackground-attachment:scroll;\n}\n.avia-section.av-m5ms8d3p-700be833b38380e5aa70d3fc875008fe .av-section-color-overlay{\nopacity:0.8;\nbackground-color:#33441e;\n}\n<\/style>\n<div id='av_section_1'  class='avia-section av-m5ms8d3p-700be833b38380e5aa70d3fc875008fe main_color avia-section-default avia-no-border-styling  avia-builder-el-0  el_before_av_section  avia-builder-el-first  av-small-hide av-mini-hide avia-bg-style-scroll av-section-color-overlay-active av-minimum-height av-minimum-height-100 av-height-100  container_wrap fullsize'  data-section-bg-repeat='no-repeat' data-av_minimum_height_pc='100' data-av_min_height_opt='100'><div class=\"av-section-color-overlay-wrap\"><div class=\"av-section-color-overlay\"><\/div><a href='#next-section' title='' class='scroll-down-link ' aria-hidden='true' data-av_icon='\ue877' data-av_iconfont='entypo-fontello'><\/a><div class='container av-section-cont-open' ><main  role=\"main\" itemprop=\"mainContentOfPage\"  class='template-page content  av-content-full alpha units'><div class='post-entry post-entry-type-page post-entry-12513'><div class='entry-content-wrapper clearfix'>\n\n<style type=\"text\/css\" data-created_by=\"avia_inline_auto\" id=\"style-css-av-4uoizob-78e71a58a0e969e65ed40f75d8925f07\">\n#top .av-special-heading.av-4uoizob-78e71a58a0e969e65ed40f75d8925f07{\nmargin:30px 0 0 0;\npadding-bottom:10px;\ncolor:#ffffff;\nfont-size:40px;\n}\nbody .av-special-heading.av-4uoizob-78e71a58a0e969e65ed40f75d8925f07 .av-special-heading-tag .heading-char{\nfont-size:25px;\n}\n#top #wrap_all .av-special-heading.av-4uoizob-78e71a58a0e969e65ed40f75d8925f07 .av-special-heading-tag{\nfont-size:40px;\n}\n.av-special-heading.av-4uoizob-78e71a58a0e969e65ed40f75d8925f07 .special-heading-inner-border{\nborder-color:#ffffff;\n}\n.av-special-heading.av-4uoizob-78e71a58a0e969e65ed40f75d8925f07 .av-subheading{\nfont-size:15px;\n}\n\n@media only screen and (min-width: 480px) and (max-width: 767px){ \n#top #wrap_all .av-special-heading.av-4uoizob-78e71a58a0e969e65ed40f75d8925f07 .av-special-heading-tag{\nfont-size:0.8em;\n}\n}\n\n@media only screen and (max-width: 479px){ \n#top #wrap_all .av-special-heading.av-4uoizob-78e71a58a0e969e65ed40f75d8925f07 .av-special-heading-tag{\nfont-size:0.8em;\n}\n}\n<\/style>\n<div  class='av-special-heading av-4uoizob-78e71a58a0e969e65ed40f75d8925f07 av-special-heading-h1 custom-color-heading blockquote modern-quote  avia-builder-el-1  avia-builder-el-no-sibling  av-thin-font av-inherit-size'><h1 class='av-special-heading-tag '  itemprop=\"headline\"  >El <strong>Naturhotel Tanca<\/strong> se encuentra en Cardedu<\/h1><div class=\"special-heading-border\"><div class=\"special-heading-inner-border\"><\/div><\/div><\/div>\n<\/div><\/div><\/main><!-- close content main element --><\/div><\/div><\/div>\n<style type=\"text\/css\" data-created_by=\"avia_inline_auto\" id=\"style-css-av-1s7yp4r-abe79cf533e89bb99211bcbd7393c684\">\n.avia-section.av-1s7yp4r-abe79cf533e89bb99211bcbd7393c684{\nbackground-repeat:no-repeat;\nbackground-image:url(https:\/\/naturhoteltanca.com\/wp-content\/uploads\/2021\/04\/Cardedu-domus-de-janas-2.jpg);\nbackground-position:50% 50%;\nbackground-attachment:scroll;\n}\n.avia-section.av-1s7yp4r-abe79cf533e89bb99211bcbd7393c684 .av-section-color-overlay{\nopacity:0.8;\nbackground-color:#33441e;\n}\n<\/style>\n<div id='av_section_2'  class='avia-section av-1s7yp4r-abe79cf533e89bb99211bcbd7393c684 main_color avia-section-default avia-no-border-styling  avia-builder-el-2  el_after_av_section  el_before_av_layout_row  av-desktop-hide av-medium-hide avia-bg-style-scroll av-section-color-overlay-active av-minimum-height av-minimum-height-75 av-height-75  container_wrap fullsize'  data-section-bg-repeat='no-repeat' data-av_minimum_height_pc='75' data-av_min_height_opt='75'><div class=\"av-section-color-overlay-wrap\"><div class=\"av-section-color-overlay\"><\/div><a href='#next-section' title='' class='scroll-down-link ' aria-hidden='true' data-av_icon='\ue877' data-av_iconfont='entypo-fontello'><\/a><div class='container av-section-cont-open' ><div class='template-page content  av-content-full alpha units'><div class='post-entry post-entry-type-page post-entry-12513'><div class='entry-content-wrapper clearfix'>\n\n<style type=\"text\/css\" data-created_by=\"avia_inline_auto\" id=\"style-css-av-1pnz863-b4031fde5d82bc8486f420014b0440f0\">\n#top .av-special-heading.av-1pnz863-b4031fde5d82bc8486f420014b0440f0{\nmargin:30px 0 0 0;\npadding-bottom:10px;\ncolor:#ffffff;\nfont-size:40px;\n}\nbody .av-special-heading.av-1pnz863-b4031fde5d82bc8486f420014b0440f0 .av-special-heading-tag .heading-char{\nfont-size:25px;\n}\n#top #wrap_all .av-special-heading.av-1pnz863-b4031fde5d82bc8486f420014b0440f0 .av-special-heading-tag{\nfont-size:40px;\n}\n.av-special-heading.av-1pnz863-b4031fde5d82bc8486f420014b0440f0 .special-heading-inner-border{\nborder-color:#ffffff;\n}\n.av-special-heading.av-1pnz863-b4031fde5d82bc8486f420014b0440f0 .av-subheading{\nfont-size:15px;\n}\n\n@media only screen and (min-width: 480px) and (max-width: 767px){ \n#top #wrap_all .av-special-heading.av-1pnz863-b4031fde5d82bc8486f420014b0440f0 .av-special-heading-tag{\nfont-size:0.8em;\n}\n}\n\n@media only screen and (max-width: 479px){ \n#top #wrap_all .av-special-heading.av-1pnz863-b4031fde5d82bc8486f420014b0440f0 .av-special-heading-tag{\nfont-size:0.8em;\n}\n}\n<\/style>\n<div  class='av-special-heading av-1pnz863-b4031fde5d82bc8486f420014b0440f0 av-special-heading-h1 custom-color-heading blockquote modern-quote  avia-builder-el-3  avia-builder-el-no-sibling  av-thin-font av-inherit-size'><h1 class='av-special-heading-tag '  itemprop=\"headline\"  >El <strong>Naturhotel Tanca<\/strong> se encuentra en Cardedu<\/h1><div class=\"special-heading-border\"><div class=\"special-heading-inner-border\"><\/div><\/div><\/div>\n<\/div><\/div><\/div><!-- close content main div --><\/div><\/div><\/div><div id='av-layout-grid-1'  class='av-layout-grid-container av-6ugotqz-e00b4b2208c3cde2c362d5140935c809 entry-content-wrapper main_color av-flex-cells  avia-builder-el-4  el_after_av_section  el_before_av_layout_row  av-cell-min-height av-cell-min-height-75 grid-row-not-first av-small-hide av-mini-hide container_wrap fullsize'   data-av_minimum_height_pc='75'>\n\n<style type=\"text\/css\" data-created_by=\"avia_inline_auto\" id=\"style-css-av-645e14r-01e430ae5c90eebaad7387db930de977\">\n.flex_cell.av-645e14r-01e430ae5c90eebaad7387db930de977{\nvertical-align:top;\nbackground-color:#33441e;\n}\n.responsive #top #wrap_all .flex_cell.av-645e14r-01e430ae5c90eebaad7387db930de977{\npadding:50px 30px 50px 50px !important;\n}\n<\/style>\n<div class='flex_cell av-645e14r-01e430ae5c90eebaad7387db930de977 av-gridrow-cell av_two_fifth no_margin  avia-builder-el-5  el_before_av_cell_three_fifth  avia-builder-el-first '  ><div class='flex_cell_inner'>\n<\/div><\/div>\n<style type=\"text\/css\" data-created_by=\"avia_inline_auto\" id=\"style-css-av-5g3h6wr-b80b2ce169a1489cd4b11a7dd452a81b\">\n.flex_cell.av-5g3h6wr-b80b2ce169a1489cd4b11a7dd452a81b{\nvertical-align:middle;\nbackground-color:#33441e;\n}\n.responsive #top #wrap_all .flex_cell.av-5g3h6wr-b80b2ce169a1489cd4b11a7dd452a81b{\npadding:50px 50px 50px 70px !important;\n}\n<\/style>\n<div class='flex_cell av-5g3h6wr-b80b2ce169a1489cd4b11a7dd452a81b av-gridrow-cell av_three_fifth no_margin  avia-builder-el-7  el_after_av_cell_two_fifth  avia-builder-el-last '  ><div class='flex_cell_inner'><p>\n<style type=\"text\/css\" data-created_by=\"avia_inline_auto\" id=\"style-css-av-dwnnff-1382bf173f62ee51fdfd913deb7dbfa7\">\n#top .av_textblock_section.av-dwnnff-1382bf173f62ee51fdfd913deb7dbfa7 .avia_textblock{\nfont-size:16px;\ncolor:#ffffff;\n}\n<\/style>\n<section  class='av_textblock_section av-dwnnff-1382bf173f62ee51fdfd913deb7dbfa7 '   itemscope=\"itemscope\" itemtype=\"https:\/\/schema.org\/CreativeWork\" ><div class='avia_textblock av_inherit_color'  itemprop=\"text\" ><p>Estamos en <strong>Cardedu, Localit\u00e0 su Scusorgiu<\/strong>, a 2 kil\u00f3metros de la playa de Museddu.<\/p>\n<\/div><\/section><br \/>\n\n<style type=\"text\/css\" data-created_by=\"avia_inline_auto\" id=\"style-css-av-m5msan80-1e8834d42b237d3f9bfcc9007b4027c9\">\n#top .hr.hr-invisible.av-m5msan80-1e8834d42b237d3f9bfcc9007b4027c9{\nheight:15px;\n}\n<\/style>\n<div  class='hr av-m5msan80-1e8834d42b237d3f9bfcc9007b4027c9 hr-invisible  avia-builder-el-9  el_after_av_textblock  el_before_av_textblock '><span class='hr-inner '><span class=\"hr-inner-style\"><\/span><\/span><\/div><br \/>\n\n<style type=\"text\/css\" data-created_by=\"avia_inline_auto\" id=\"style-css-av-m5ms6sru-9038b84960460ec94b595a9e341c3c3d\">\n#top .av_textblock_section.av-m5ms6sru-9038b84960460ec94b595a9e341c3c3d .avia_textblock{\nfont-size:16px;\ncolor:#ffffff;\n}\n<\/style>\n<section  class='av_textblock_section av-m5ms6sru-9038b84960460ec94b595a9e341c3c3d '   itemscope=\"itemscope\" itemtype=\"https:\/\/schema.org\/CreativeWork\" ><div class='avia_textblock av_inherit_color'  itemprop=\"text\" ><h4>C\u00f3mo llegar en coche desde Cagliari &#8211; Cerde\u00f1a Sur:<\/h4>\n<ul>\n<li>Conduzca por la carretera SS 125 en direcci\u00f3n a Muravera;<\/li>\n<li>Continuar en direcci\u00f3n Tortol\u00ec-Arbatax;<\/li>\n<li>En el km 89 tomar la salida \u00abMarina di Gairo\u00bb &#8211; \u00abJerzu\u00bb;<\/li>\n<li>A unos 4 km a la izquierda ver\u00e1 la se\u00f1al de la estructura;<\/li>\n<li>Siga el corto camino de 500 metros.<\/li>\n<\/ul>\n<\/div><\/section><br \/>\n\n<style type=\"text\/css\" data-created_by=\"avia_inline_auto\" id=\"style-css-av-139wg8r-a63511dd67846a5aee12afdae0939e73\">\n#top .hr.hr-invisible.av-139wg8r-a63511dd67846a5aee12afdae0939e73{\nheight:15px;\n}\n<\/style>\n<div  class='hr av-139wg8r-a63511dd67846a5aee12afdae0939e73 hr-invisible  avia-builder-el-11  el_after_av_textblock  el_before_av_textblock '><span class='hr-inner '><span class=\"hr-inner-style\"><\/span><\/span><\/div><br \/>\n\n<style type=\"text\/css\" data-created_by=\"avia_inline_auto\" id=\"style-css-av-m5ms73ia-3ba1a927ebbf1acf58f63ca2479c4759\">\n#top .av_textblock_section.av-m5ms73ia-3ba1a927ebbf1acf58f63ca2479c4759 .avia_textblock{\nfont-size:16px;\ncolor:#ffffff;\n}\n<\/style>\n<section  class='av_textblock_section av-m5ms73ia-3ba1a927ebbf1acf58f63ca2479c4759 '   itemscope=\"itemscope\" itemtype=\"https:\/\/schema.org\/CreativeWork\" ><div class='avia_textblock av_inherit_color'  itemprop=\"text\" ><h4>C\u00f3mo llegar en coche desde el centro &#8211; norte de Cerde\u00f1a:<\/h4>\n<ul>\n<li>Tomar la carretera SS 131 en direcci\u00f3n a Nuoro;<\/li>\n<li>Continuar en direcci\u00f3n a Lanusei por la SS389;<\/li>\n<li>Continuar en direcci\u00f3n Cardedu hasta llegar a la SS125;<\/li>\n<li>En el km 124, tome la salida \u00abMarina di Gairo\u00bb;<\/li>\n<li>Despu\u00e9s del puente encontrar\u00e1 una rotonda, tome la segunda salida en direcci\u00f3n a &#8216;Cagliari&#8217;;<\/li>\n<li>A 1,5 km a la derecha ver\u00e1 la se\u00f1al de las instalaciones;<\/li>\n<li>Siga el corto camino de 500 metros.<\/li>\n<\/ul>\n<\/div><\/section><br \/>\n\n<style type=\"text\/css\" data-created_by=\"avia_inline_auto\" id=\"style-css-av-q4eeu3-4506d38e7a2ac9bbe1e66b3354d7409d\">\n#top .hr.hr-invisible.av-q4eeu3-4506d38e7a2ac9bbe1e66b3354d7409d{\nheight:15px;\n}\n<\/style>\n<div  class='hr av-q4eeu3-4506d38e7a2ac9bbe1e66b3354d7409d hr-invisible  avia-builder-el-13  el_after_av_textblock  el_before_av_textblock '><span class='hr-inner '><span class=\"hr-inner-style\"><\/span><\/span><\/div><br \/>\n\n<style type=\"text\/css\" data-created_by=\"avia_inline_auto\" id=\"style-css-av-m5ms7d36-3676107eee01d512b4673d254d6c80ca\">\n#top .av_textblock_section.av-m5ms7d36-3676107eee01d512b4673d254d6c80ca .avia_textblock{\nfont-size:16px;\ncolor:#ffffff;\n}\n<\/style>\n<section  class='av_textblock_section av-m5ms7d36-3676107eee01d512b4673d254d6c80ca '   itemscope=\"itemscope\" itemtype=\"https:\/\/schema.org\/CreativeWork\" ><div class='avia_textblock av_inherit_color'  itemprop=\"text\" ><p><strong>Aeropuerto m\u00e1s cerca: <\/strong>Cagliari-Elmas.<br \/>\n<strong>Puerto m\u00e1s cercano: <\/strong>Arbatax, Puerto m\u00e1s cercano: Arbatax, accesible desde Cardedu por la SS 125 en direcci\u00f3n a Tortol\u00ec.<\/p>\n<\/div><\/section><\/p>\n<\/div><\/div><\/div><div id='av-layout-grid-2'  class='av-layout-grid-container av-3cdz1tn-c7cd87f7cd3676d5f81cf12899aceb66 entry-content-wrapper main_color av-flex-cells  avia-builder-el-15  el_after_av_layout_row  avia-builder-el-last  av-cell-min-height av-cell-min-height-75 grid-row-not-first av-desktop-hide av-medium-hide container_wrap fullsize'   data-av_minimum_height_pc='75'>\n\n<style type=\"text\/css\" data-created_by=\"avia_inline_auto\" id=\"style-css-av-2wh5wpn-5c9fab5ebe3c879369ba2a9d77691058\">\n.flex_cell.av-2wh5wpn-5c9fab5ebe3c879369ba2a9d77691058{\nvertical-align:top;\nbackground-color:#33441e;\n}\n.responsive #top #wrap_all .flex_cell.av-2wh5wpn-5c9fab5ebe3c879369ba2a9d77691058{\npadding:40px 0 20px 0 !important;\n}\n<\/style>\n<div class='flex_cell av-2wh5wpn-5c9fab5ebe3c879369ba2a9d77691058 av-gridrow-cell av_two_fifth no_margin  avia-builder-el-16  el_before_av_cell_three_fifth  avia-builder-el-first '  ><div class='flex_cell_inner'>\n<\/div><\/div>\n<style type=\"text\/css\" data-created_by=\"avia_inline_auto\" id=\"style-css-av-20aminv-459415574e9bc7d0d69b0909ceb68dfa\">\n.flex_cell.av-20aminv-459415574e9bc7d0d69b0909ceb68dfa{\nvertical-align:top;\nbackground-color:#33441e;\n}\n.responsive #top #wrap_all .flex_cell.av-20aminv-459415574e9bc7d0d69b0909ceb68dfa{\npadding:30px 15px 30px 15px !important;\n}\n<\/style>\n<div class='flex_cell av-20aminv-459415574e9bc7d0d69b0909ceb68dfa av-gridrow-cell av_three_fifth no_margin  avia-builder-el-18  el_after_av_cell_two_fifth  avia-builder-el-last '  ><div class='flex_cell_inner'><p>\n<style type=\"text\/css\" data-created_by=\"avia_inline_auto\" id=\"style-css-av-3hx09cr-7090181b0d12c2056c1b47a4e357d671\">\n#top .av_textblock_section.av-3hx09cr-7090181b0d12c2056c1b47a4e357d671 .avia_textblock{\nfont-size:16px;\ncolor:#ffffff;\n}\n<\/style>\n<section  class='av_textblock_section av-3hx09cr-7090181b0d12c2056c1b47a4e357d671 '   itemscope=\"itemscope\" itemtype=\"https:\/\/schema.org\/CreativeWork\" ><div class='avia_textblock av_inherit_color'  itemprop=\"text\" ><p>Estamos en <strong>Cardedu, Localit\u00e0 su Scusorgiu<\/strong>, a 2 kil\u00f3metros de la playa de Museddu.<\/p>\n<\/div><\/section><br \/>\n\n<style type=\"text\/css\" data-created_by=\"avia_inline_auto\" id=\"style-css-av-2yqo5ff-49a6cfe81e6a77a1f99a8508193ab41f\">\n#top .hr.hr-invisible.av-2yqo5ff-49a6cfe81e6a77a1f99a8508193ab41f{\nheight:15px;\n}\n<\/style>\n<div  class='hr av-2yqo5ff-49a6cfe81e6a77a1f99a8508193ab41f hr-invisible  avia-builder-el-20  el_after_av_textblock  el_before_av_textblock '><span class='hr-inner '><span class=\"hr-inner-style\"><\/span><\/span><\/div><br \/>\n\n<style type=\"text\/css\" data-created_by=\"avia_inline_auto\" id=\"style-css-av-2gimly3-a88ba926165d542fc4a18f0941697a72\">\n#top .av_textblock_section.av-2gimly3-a88ba926165d542fc4a18f0941697a72 .avia_textblock{\nfont-size:16px;\ncolor:#ffffff;\n}\n<\/style>\n<section  class='av_textblock_section av-2gimly3-a88ba926165d542fc4a18f0941697a72 '   itemscope=\"itemscope\" itemtype=\"https:\/\/schema.org\/CreativeWork\" ><div class='avia_textblock av_inherit_color'  itemprop=\"text\" ><h4>C\u00f3mo llegar en coche desde Cagliari &#8211; Cerde\u00f1a Sur:<\/h4>\n<ul>\n<li>Conduzca por la carretera SS 125 en direcci\u00f3n a Muravera;<\/li>\n<li>Continuar en direcci\u00f3n Tortol\u00ec-Arbatax;<\/li>\n<li>En el km 89 tomar la salida \u00abMarina di Gairo\u00bb &#8211; \u00abJerzu\u00bb;<\/li>\n<li>A unos 4 km a la izquierda ver\u00e1 la se\u00f1al de la estructura;<\/li>\n<li>Siga el corto camino de 500 metros.<\/li>\n<\/ul>\n<\/div><\/section><br \/>\n\n<style type=\"text\/css\" data-created_by=\"avia_inline_auto\" id=\"style-css-av-24vub17-f3cf345f3c2bb142abff9710600768ea\">\n#top .hr.hr-invisible.av-24vub17-f3cf345f3c2bb142abff9710600768ea{\nheight:15px;\n}\n<\/style>\n<div  class='hr av-24vub17-f3cf345f3c2bb142abff9710600768ea hr-invisible  avia-builder-el-22  el_after_av_textblock  el_before_av_textblock '><span class='hr-inner '><span class=\"hr-inner-style\"><\/span><\/span><\/div><br \/>\n\n<style type=\"text\/css\" data-created_by=\"avia_inline_auto\" id=\"style-css-av-1ripx2z-b8d898ad3167321547bc31fe8a4f07b7\">\n#top .av_textblock_section.av-1ripx2z-b8d898ad3167321547bc31fe8a4f07b7 .avia_textblock{\nfont-size:16px;\ncolor:#ffffff;\n}\n<\/style>\n<section  class='av_textblock_section av-1ripx2z-b8d898ad3167321547bc31fe8a4f07b7 '   itemscope=\"itemscope\" itemtype=\"https:\/\/schema.org\/CreativeWork\" ><div class='avia_textblock av_inherit_color'  itemprop=\"text\" ><h4>C\u00f3mo llegar en coche desde el centro &#8211; norte de Cerde\u00f1a:<\/h4>\n<ul>\n<li>Tomar la carretera SS 131 en direcci\u00f3n a Nuoro;<\/li>\n<li>Continuar en direcci\u00f3n a Lanusei por la SS389;<\/li>\n<li>Continuar en direcci\u00f3n Cardedu hasta llegar a la SS125;<\/li>\n<li>En el km 124, tome la salida \u00abMarina di Gairo\u00bb;<\/li>\n<li>Despu\u00e9s del puente encontrar\u00e1 una rotonda, tome la segunda salida en direcci\u00f3n a &#8216;Cagliari&#8217;;<\/li>\n<li>A 1,5 km a la derecha ver\u00e1 la se\u00f1al de las instalaciones;<\/li>\n<li>Siga el corto camino de 500 metros.<\/li>\n<\/ul>\n<\/div><\/section><br \/>\n\n<style type=\"text\/css\" data-created_by=\"avia_inline_auto\" id=\"style-css-av-4lgluj-78d1f02fa45a632ff9eb64d6172ea68e\">\n#top .hr.hr-invisible.av-4lgluj-78d1f02fa45a632ff9eb64d6172ea68e{\nheight:15px;\n}\n<\/style>\n<div  class='hr av-4lgluj-78d1f02fa45a632ff9eb64d6172ea68e hr-invisible  avia-builder-el-24  el_after_av_textblock  el_before_av_textblock '><span class='hr-inner '><span class=\"hr-inner-style\"><\/span><\/span><\/div><br \/>\n\n<style type=\"text\/css\" data-created_by=\"avia_inline_auto\" id=\"style-css-av-wevpcr-7ba08a7f447aa7d297eff5a1601b04c8\">\n#top .av_textblock_section.av-wevpcr-7ba08a7f447aa7d297eff5a1601b04c8 .avia_textblock{\nfont-size:16px;\ncolor:#ffffff;\n}\n<\/style>\n<section  class='av_textblock_section av-wevpcr-7ba08a7f447aa7d297eff5a1601b04c8 '   itemscope=\"itemscope\" itemtype=\"https:\/\/schema.org\/CreativeWork\" ><div class='avia_textblock av_inherit_color'  itemprop=\"text\" ><p><strong>Aeropuerto m\u00e1s cerca: <\/strong>Cagliari-Elmas.<br \/>\n<strong>Puerto m\u00e1s cercano: <\/strong>Arbatax, Puerto m\u00e1s cercano: Arbatax, accesible desde Cardedu por la SS 125 en direcci\u00f3n a Tortol\u00ec.<\/p>\n<\/div><\/section><\/p>\n<\/div><\/div><\/div><\/p>\n","protected":false},"excerpt":{"rendered":"","protected":false},"author":1,"featured_media":0,"parent":0,"menu_order":0,"comment_status":"closed","ping_status":"closed","template":"","meta":{"footnotes":""},"class_list":["post-12513","page","type-page","status-publish","hentry"],"yoast_head":"<!-- This site is optimized with the Yoast SEO plugin v27.3 - https:\/\/yoast.com\/product\/yoast-seo-wordpress\/ -->\n<title>D\u00f3nde estamos - Natur Hotel Tanca<\/title>\n<meta name=\"robots\" content=\"index, follow, max-snippet:-1, max-image-preview:large, max-video-preview:-1\" \/>\n<link rel=\"canonical\" href=\"https:\/\/naturhoteltanca.com\/es\/donde-estamos\/\" \/>\n<meta property=\"og:locale\" content=\"es_ES\" \/>\n<meta property=\"og:type\" content=\"article\" \/>\n<meta property=\"og:title\" content=\"D\u00f3nde estamos - Natur Hotel Tanca\" \/>\n<meta property=\"og:url\" content=\"https:\/\/naturhoteltanca.com\/es\/donde-estamos\/\" \/>\n<meta property=\"og:site_name\" content=\"Natur Hotel Tanca\" \/>\n<meta property=\"article:modified_time\" content=\"2025-02-19T18:25:52+00:00\" \/>\n<meta name=\"twitter:card\" content=\"summary_large_image\" \/>\n<meta name=\"twitter:label1\" content=\"Tiempo de lectura\" \/>\n\t<meta name=\"twitter:data1\" content=\"2 minutos\" \/>\n<script type=\"application\/ld+json\" class=\"yoast-schema-graph\">{\"@context\":\"https:\\\/\\\/schema.org\",\"@graph\":[{\"@type\":\"WebPage\",\"@id\":\"https:\\\/\\\/naturhoteltanca.com\\\/es\\\/donde-estamos\\\/\",\"url\":\"https:\\\/\\\/naturhoteltanca.com\\\/es\\\/donde-estamos\\\/\",\"name\":\"D\u00f3nde estamos - Natur Hotel Tanca\",\"isPartOf\":{\"@id\":\"https:\\\/\\\/naturhoteltanca.com\\\/#website\"},\"datePublished\":\"2025-01-07T16:57:24+00:00\",\"dateModified\":\"2025-02-19T18:25:52+00:00\",\"breadcrumb\":{\"@id\":\"https:\\\/\\\/naturhoteltanca.com\\\/es\\\/donde-estamos\\\/#breadcrumb\"},\"inLanguage\":\"es\",\"potentialAction\":[{\"@type\":\"ReadAction\",\"target\":[\"https:\\\/\\\/naturhoteltanca.com\\\/es\\\/donde-estamos\\\/\"]}]},{\"@type\":\"BreadcrumbList\",\"@id\":\"https:\\\/\\\/naturhoteltanca.com\\\/es\\\/donde-estamos\\\/#breadcrumb\",\"itemListElement\":[{\"@type\":\"ListItem\",\"position\":1,\"name\":\"Home\",\"item\":\"https:\\\/\\\/naturhoteltanca.com\\\/home\\\/\"},{\"@type\":\"ListItem\",\"position\":2,\"name\":\"D\u00f3nde estamos\"}]},{\"@type\":\"WebSite\",\"@id\":\"https:\\\/\\\/naturhoteltanca.com\\\/#website\",\"url\":\"https:\\\/\\\/naturhoteltanca.com\\\/\",\"name\":\"Natur Hotel Tanca\",\"description\":\"La tua vacanza nel cuore dell'Ogliastra\",\"potentialAction\":[{\"@type\":\"SearchAction\",\"target\":{\"@type\":\"EntryPoint\",\"urlTemplate\":\"https:\\\/\\\/naturhoteltanca.com\\\/?s={search_term_string}\"},\"query-input\":{\"@type\":\"PropertyValueSpecification\",\"valueRequired\":true,\"valueName\":\"search_term_string\"}}],\"inLanguage\":\"es\"}]}<\/script>\n<!-- \/ Yoast SEO plugin. -->","yoast_head_json":{"title":"D\u00f3nde estamos - Natur Hotel Tanca","robots":{"index":"index","follow":"follow","max-snippet":"max-snippet:-1","max-image-preview":"max-image-preview:large","max-video-preview":"max-video-preview:-1"},"canonical":"https:\/\/naturhoteltanca.com\/es\/donde-estamos\/","og_locale":"es_ES","og_type":"article","og_title":"D\u00f3nde estamos - Natur Hotel Tanca","og_url":"https:\/\/naturhoteltanca.com\/es\/donde-estamos\/","og_site_name":"Natur Hotel Tanca","article_modified_time":"2025-02-19T18:25:52+00:00","twitter_card":"summary_large_image","twitter_misc":{"Tiempo de lectura":"2 minutos"},"schema":{"@context":"https:\/\/schema.org","@graph":[{"@type":"WebPage","@id":"https:\/\/naturhoteltanca.com\/es\/donde-estamos\/","url":"https:\/\/naturhoteltanca.com\/es\/donde-estamos\/","name":"D\u00f3nde estamos - Natur Hotel Tanca","isPartOf":{"@id":"https:\/\/naturhoteltanca.com\/#website"},"datePublished":"2025-01-07T16:57:24+00:00","dateModified":"2025-02-19T18:25:52+00:00","breadcrumb":{"@id":"https:\/\/naturhoteltanca.com\/es\/donde-estamos\/#breadcrumb"},"inLanguage":"es","potentialAction":[{"@type":"ReadAction","target":["https:\/\/naturhoteltanca.com\/es\/donde-estamos\/"]}]},{"@type":"BreadcrumbList","@id":"https:\/\/naturhoteltanca.com\/es\/donde-estamos\/#breadcrumb","itemListElement":[{"@type":"ListItem","position":1,"name":"Home","item":"https:\/\/naturhoteltanca.com\/home\/"},{"@type":"ListItem","position":2,"name":"D\u00f3nde estamos"}]},{"@type":"WebSite","@id":"https:\/\/naturhoteltanca.com\/#website","url":"https:\/\/naturhoteltanca.com\/","name":"Natur Hotel Tanca","description":"La tua vacanza nel cuore dell'Ogliastra","potentialAction":[{"@type":"SearchAction","target":{"@type":"EntryPoint","urlTemplate":"https:\/\/naturhoteltanca.com\/?s={search_term_string}"},"query-input":{"@type":"PropertyValueSpecification","valueRequired":true,"valueName":"search_term_string"}}],"inLanguage":"es"}]}},"_links":{"self":[{"href":"https:\/\/naturhoteltanca.com\/es\/wp-json\/wp\/v2\/pages\/12513","targetHints":{"allow":["GET"]}}],"collection":[{"href":"https:\/\/naturhoteltanca.com\/es\/wp-json\/wp\/v2\/pages"}],"about":[{"href":"https:\/\/naturhoteltanca.com\/es\/wp-json\/wp\/v2\/types\/page"}],"author":[{"embeddable":true,"href":"https:\/\/naturhoteltanca.com\/es\/wp-json\/wp\/v2\/users\/1"}],"replies":[{"embeddable":true,"href":"https:\/\/naturhoteltanca.com\/es\/wp-json\/wp\/v2\/comments?post=12513"}],"version-history":[{"count":2,"href":"https:\/\/naturhoteltanca.com\/es\/wp-json\/wp\/v2\/pages\/12513\/revisions"}],"predecessor-version":[{"id":12881,"href":"https:\/\/naturhoteltanca.com\/es\/wp-json\/wp\/v2\/pages\/12513\/revisions\/12881"}],"wp:attachment":[{"href":"https:\/\/naturhoteltanca.com\/es\/wp-json\/wp\/v2\/media?parent=12513"}],"curies":[{"name":"wp","href":"https:\/\/api.w.org\/{rel}","templated":true}]}}