{"id":12567,"date":"2024-12-19T18:15:28","date_gmt":"2024-12-19T17:15:28","guid":{"rendered":"https:\/\/naturhoteltanca.com\/servizi-info\/"},"modified":"2025-02-01T08:57:06","modified_gmt":"2025-02-01T07:57:06","slug":"servicios-e-informacion","status":"publish","type":"page","link":"https:\/\/naturhoteltanca.com\/es\/servicios-e-informacion\/","title":{"rendered":"Servicios e informaci\u00f3n"},"content":{"rendered":"\n<style type=\"text\/css\" data-created_by=\"avia_inline_auto\" id=\"style-css-av-m4vlwvxb-87421368c12d2df3eb73afcbc547c441\">\n.avia-section.av-m4vlwvxb-87421368c12d2df3eb73afcbc547c441{\nbackground-repeat:no-repeat;\nbackground-image:url(https:\/\/naturhoteltanca.com\/wp-content\/uploads\/2021\/04\/naturhoteltanca_ogliastra-3.jpg);\nbackground-position:50% 50%;\nbackground-attachment:scroll;\n}\n.avia-section.av-m4vlwvxb-87421368c12d2df3eb73afcbc547c441 .av-section-color-overlay{\nopacity:0.8;\nbackground-color:#33441e;\n}\n<\/style>\n<div id='av_section_1'  class='avia-section av-m4vlwvxb-87421368c12d2df3eb73afcbc547c441 main_color avia-section-default avia-no-border-styling  avia-builder-el-0  el_before_av_section  avia-builder-el-first  av-small-hide av-mini-hide avia-bg-style-scroll av-section-color-overlay-active av-minimum-height av-minimum-height-100 av-height-100  container_wrap fullsize'  data-section-bg-repeat='no-repeat' data-av_minimum_height_pc='100' data-av_min_height_opt='100'><div class=\"av-section-color-overlay-wrap\"><div class=\"av-section-color-overlay\"><\/div><a href='#next-section' title='' class='scroll-down-link ' aria-hidden='true' data-av_icon='\ue877' data-av_iconfont='entypo-fontello'><\/a><div class='container av-section-cont-open' ><main  role=\"main\" itemprop=\"mainContentOfPage\"  class='template-page content  av-content-full alpha units'><div class='post-entry post-entry-type-page post-entry-12567'><div class='entry-content-wrapper clearfix'>\n\n<style type=\"text\/css\" data-created_by=\"avia_inline_auto\" id=\"style-css-av-m4vl095d-83c81690a7584efbd02733136cb7f244\">\n#top .av-special-heading.av-m4vl095d-83c81690a7584efbd02733136cb7f244{\nmargin:0 0 25px 0;\npadding-bottom:0;\ncolor:#ffffff;\nfont-size:40px;\n}\nbody .av-special-heading.av-m4vl095d-83c81690a7584efbd02733136cb7f244 .av-special-heading-tag .heading-char{\nfont-size:25px;\n}\n#top #wrap_all .av-special-heading.av-m4vl095d-83c81690a7584efbd02733136cb7f244 .av-special-heading-tag{\nfont-size:40px;\n}\n.av-special-heading.av-m4vl095d-83c81690a7584efbd02733136cb7f244 .special-heading-inner-border{\nborder-color:#ffffff;\n}\n.av-special-heading.av-m4vl095d-83c81690a7584efbd02733136cb7f244 .av-subheading{\nfont-size:15px;\n}\n\n@media only screen and (min-width: 480px) and (max-width: 767px){ \n#top #wrap_all .av-special-heading.av-m4vl095d-83c81690a7584efbd02733136cb7f244 .av-special-heading-tag{\nfont-size:0.8em;\n}\n}\n\n@media only screen and (max-width: 479px){ \n#top #wrap_all .av-special-heading.av-m4vl095d-83c81690a7584efbd02733136cb7f244 .av-special-heading-tag{\nfont-size:0.8em;\n}\n}\n<\/style>\n<div  class='av-special-heading av-m4vl095d-83c81690a7584efbd02733136cb7f244 av-special-heading-h1 custom-color-heading blockquote modern-quote  avia-builder-el-1  avia-builder-el-no-sibling  av-thin-font av-inherit-size'><h1 class='av-special-heading-tag '  itemprop=\"headline\"  >Nuestros <strong>servicios<\/strong> pensados para tu estancia<\/h1><div class=\"special-heading-border\"><div class=\"special-heading-inner-border\"><\/div><\/div><\/div>\n<\/div><\/div><\/main><!-- close content main element --><\/div><\/div><\/div>\n<style type=\"text\/css\" data-created_by=\"avia_inline_auto\" id=\"style-css-av-m4vmdc2y-3cf06d90ae0cc27d0c4cbf5a9263d2b8\">\n.avia-section.av-m4vmdc2y-3cf06d90ae0cc27d0c4cbf5a9263d2b8{\nbackground-repeat:no-repeat;\nbackground-image:url(https:\/\/naturhoteltanca.com\/wp-content\/uploads\/2021\/04\/naturhoteltanca_ogliastra-3.jpg);\nbackground-position:50% 50%;\nbackground-attachment:scroll;\n}\n.avia-section.av-m4vmdc2y-3cf06d90ae0cc27d0c4cbf5a9263d2b8 .av-section-color-overlay{\nopacity:0.8;\nbackground-color:#33441e;\n}\n<\/style>\n<div id='av_section_2'  class='avia-section av-m4vmdc2y-3cf06d90ae0cc27d0c4cbf5a9263d2b8 main_color avia-section-default avia-no-border-styling  avia-builder-el-2  el_after_av_section  el_before_av_one_full  av-desktop-hide av-medium-hide avia-bg-style-scroll av-section-color-overlay-active av-minimum-height av-minimum-height-75 av-height-75  container_wrap fullsize'  data-section-bg-repeat='no-repeat' data-av_minimum_height_pc='75' data-av_min_height_opt='75'><div class=\"av-section-color-overlay-wrap\"><div class=\"av-section-color-overlay\"><\/div><a href='#next-section' title='' class='scroll-down-link ' aria-hidden='true' data-av_icon='\ue877' data-av_iconfont='entypo-fontello'><\/a><div class='container av-section-cont-open' ><div class='template-page content  av-content-full alpha units'><div class='post-entry post-entry-type-page post-entry-12567'><div class='entry-content-wrapper clearfix'>\n\n<style type=\"text\/css\" data-created_by=\"avia_inline_auto\" id=\"style-css-av-m4vmlkpj-8ea6a73fa800fd26b8c6136bcf370a5e\">\n#top .av-special-heading.av-m4vmlkpj-8ea6a73fa800fd26b8c6136bcf370a5e{\nmargin:0 0 25px 0;\npadding-bottom:0;\ncolor:#ffffff;\nfont-size:40px;\n}\nbody .av-special-heading.av-m4vmlkpj-8ea6a73fa800fd26b8c6136bcf370a5e .av-special-heading-tag .heading-char{\nfont-size:25px;\n}\n#top #wrap_all .av-special-heading.av-m4vmlkpj-8ea6a73fa800fd26b8c6136bcf370a5e .av-special-heading-tag{\nfont-size:40px;\n}\n.av-special-heading.av-m4vmlkpj-8ea6a73fa800fd26b8c6136bcf370a5e .special-heading-inner-border{\nborder-color:#ffffff;\n}\n.av-special-heading.av-m4vmlkpj-8ea6a73fa800fd26b8c6136bcf370a5e .av-subheading{\nfont-size:15px;\n}\n\n@media only screen and (min-width: 480px) and (max-width: 767px){ \n#top #wrap_all .av-special-heading.av-m4vmlkpj-8ea6a73fa800fd26b8c6136bcf370a5e .av-special-heading-tag{\nfont-size:0.8em;\n}\n}\n\n@media only screen and (max-width: 479px){ \n#top #wrap_all .av-special-heading.av-m4vmlkpj-8ea6a73fa800fd26b8c6136bcf370a5e .av-special-heading-tag{\nfont-size:0.8em;\n}\n}\n<\/style>\n<div  class='av-special-heading av-m4vmlkpj-8ea6a73fa800fd26b8c6136bcf370a5e av-special-heading-h1 custom-color-heading blockquote modern-quote  avia-builder-el-3  avia-builder-el-no-sibling  av-thin-font av-inherit-size'><h1 class='av-special-heading-tag '  itemprop=\"headline\"  >Nuestros <strong>servicios<\/strong> pensados para tu estancia<\/h1><div class=\"special-heading-border\"><div class=\"special-heading-inner-border\"><\/div><\/div><\/div>\n<\/div><\/div><\/div><!-- close content main div --><\/div><\/div><\/div><div id='after_section_2'  class='main_color av_default_container_wrap container_wrap fullsize'  ><div class='container av-section-cont-open' ><div class='template-page content  av-content-full alpha units'><div class='post-entry post-entry-type-page post-entry-12567'><div class='entry-content-wrapper clearfix'><div  class='flex_column av-24tefbh-27ee280e8b86b0749d9d61a543016bf1 av_one_full  avia-builder-el-4  el_after_av_section  el_before_av_section  avia-builder-el-no-sibling  first flex_column_div  '     ><p>\n<style type=\"text\/css\" data-created_by=\"avia_inline_auto\" id=\"style-css-av-m4vmadf6-66c391b8d9a37386fdea774f59cdbd38\">\n#top .av-special-heading.av-m4vmadf6-66c391b8d9a37386fdea774f59cdbd38{\npadding-bottom:10px;\n}\nbody .av-special-heading.av-m4vmadf6-66c391b8d9a37386fdea774f59cdbd38 .av-special-heading-tag .heading-char{\nfont-size:25px;\n}\n.av-special-heading.av-m4vmadf6-66c391b8d9a37386fdea774f59cdbd38 .av-subheading{\nfont-size:15px;\n}\n<\/style>\n<div  class='av-special-heading av-m4vmadf6-66c391b8d9a37386fdea774f59cdbd38 av-special-heading-h2 blockquote modern-quote modern-centered  avia-builder-el-5  el_before_av_button  avia-builder-el-first  av-thin-font'><h2 class='av-special-heading-tag '  itemprop=\"headline\"  >Hospitalidad <strong>inspirado en la naturaleza<\/strong><\/h2><div class=\"special-heading-border\"><div class=\"special-heading-inner-border\"><\/div><\/div><\/div><br \/>\n<div  class='avia-button-wrap av-m4vm2gvf-92325b899b886972c2bb6045a83d0445-wrap avia-button-center  avia-builder-el-6  el_after_av_heading  avia-builder-el-last '><a href='https:\/\/naturhoteltanca.com\/es\/quienes-somos\/'  class='avia-button av-m4vm2gvf-92325b899b886972c2bb6045a83d0445 av-link-btn avia-icon_select-yes-left-icon avia-size-small avia-position-center avia-color-theme-color'   aria-label=\"Nuestra filosof\u00eda\"><span class='avia_button_icon avia_button_icon_left' aria-hidden='true' data-av_icon='\ue8b8' data-av_iconfont='entypo-fontello'><\/span><span class='avia_iconbox_title' >Nuestra filosof\u00eda<\/span><\/a><\/div><\/p><\/div><\/div><\/div><\/div><!-- close content main div --><\/div><\/div>\n<style type=\"text\/css\" data-created_by=\"avia_inline_auto\" id=\"style-css-av-m4vl9upv-972ed388c4d304675f91d7a523ba31a3\">\n.avia-section.av-m4vl9upv-972ed388c4d304675f91d7a523ba31a3{\nbackground-color:#33441e;\nbackground-image:unset;\n}\n<\/style>\n<div id='av_section_3'  class='avia-section av-m4vl9upv-972ed388c4d304675f91d7a523ba31a3 main_color avia-section-default avia-no-border-styling  avia-builder-el-7  el_after_av_one_full  el_before_av_one_full  avia-bg-style-scroll container_wrap fullsize'  ><div class='container av-section-cont-open' ><div class='template-page content  av-content-full alpha units'><div class='post-entry post-entry-type-page post-entry-12567'><div class='entry-content-wrapper clearfix'>\n\n<style type=\"text\/css\" data-created_by=\"avia_inline_auto\" id=\"style-css-av-m4vmfzr5-dc915ab6868fe0c736c8876a4bf326ea\">\n#top .av_textblock_section.av-m4vmfzr5-dc915ab6868fe0c736c8876a4bf326ea .avia_textblock{\ncolor:#ffffff;\n}\n<\/style>\n<section  class='av_textblock_section av-m4vmfzr5-dc915ab6868fe0c736c8876a4bf326ea '   itemscope=\"itemscope\" itemtype=\"https:\/\/schema.org\/CreativeWork\" ><div class='avia_textblock av_inherit_color'  itemprop=\"text\" ><h3><strong>Responsabilidad con el medio ambiente<\/strong><\/h3>\n<p>Por respeto al medio ambiente que nos acoge y a la belleza de nuestra regi\u00f3n, contamos con su colaboraci\u00f3n para tomar algunas decisiones conscientes y reducir los residuos.<\/p>\n<\/div><\/section>\n<\/div><\/div><\/div><!-- close content main div --><\/div><\/div><div id='after_section_3'  class='main_color av_default_container_wrap container_wrap fullsize'  ><div class='container av-section-cont-open' ><div class='template-page content  av-content-full alpha units'><div class='post-entry post-entry-type-page post-entry-12567'><div class='entry-content-wrapper clearfix'><div  class='flex_column av-pukr7x-b126bdc13abeeb0e2fb8e26fd1b4e29a av_one_full  avia-builder-el-9  el_after_av_section  el_before_av_section  avia-builder-el-no-sibling  first flex_column_div  '     ><section  class='av_textblock_section av-m4vl8q8w-5cb44d1e809e7ce2c55966c475005064 '   itemscope=\"itemscope\" itemtype=\"https:\/\/schema.org\/CreativeWork\" ><div class='avia_textblock'  itemprop=\"text\" ><h3><strong>Recogida selectiva, reducci\u00f3n y reciclado de residuos<\/strong><\/h3>\n<p>Las materias primas se reducen, por lo que queremos posibilitar su reciclaje y reutilizaci\u00f3n mediante la recogida selectiva de residuos. T\u00fa tambi\u00e9n puedes participar: utiliza los contenedores de recogida selectiva de residuos que encontrar\u00e1s en tu alojamiento, siguiendo las instrucciones del vadem\u00e9cum que recibir\u00e1s al registrarte.<\/p>\n<\/div><\/section><\/div><\/div><\/div><\/div><!-- close content main div --><\/div><\/div>\n<style type=\"text\/css\" data-created_by=\"avia_inline_auto\" id=\"style-css-av-m4vla3ub-bb59ebd86c34379a921ebf1f9d9504a3\">\n.avia-section.av-m4vla3ub-bb59ebd86c34379a921ebf1f9d9504a3{\nbackground-color:#33441e;\nbackground-image:unset;\n}\n<\/style>\n<div id='av_section_4'  class='avia-section av-m4vla3ub-bb59ebd86c34379a921ebf1f9d9504a3 main_color avia-section-default avia-no-border-styling  avia-builder-el-11  el_after_av_one_full  el_before_av_one_full  avia-bg-style-scroll container_wrap fullsize'  ><div class='container av-section-cont-open' ><div class='template-page content  av-content-full alpha units'><div class='post-entry post-entry-type-page post-entry-12567'><div class='entry-content-wrapper clearfix'>\n\n<style type=\"text\/css\" data-created_by=\"avia_inline_auto\" id=\"style-css-av-m4vl91qp-5e1591e9aa81620ce25971864f270f00\">\n#top .av_textblock_section.av-m4vl91qp-5e1591e9aa81620ce25971864f270f00 .avia_textblock{\ncolor:#ffffff;\n}\n<\/style>\n<section  class='av_textblock_section av-m4vl91qp-5e1591e9aa81620ce25971864f270f00 '   itemscope=\"itemscope\" itemtype=\"https:\/\/schema.org\/CreativeWork\" ><div class='avia_textblock av_inherit_color'  itemprop=\"text\" ><h3><strong>Reducir el consumo de agua y energ\u00eda<\/strong><\/h3>\n<p>Lavar la ropa supone una gran carga para el medio ambiente debido al consumo de agua y detergentes. Si quieres contribuir a reducir la contaminaci\u00f3n ambiental causada por el lavado, puedes ayudar utilizando toallas varias veces.<br \/>\nCierra siempre los grifos.<br \/>\nApaga la luz del ba\u00f1o y de la habitaci\u00f3n cuando no la necesites.<br \/>\nCuando el aire acondicionado est\u00e9 encendido, cierra las ventanas.<br \/>\nCuando salgas de la habitaci\u00f3n, apaga el aire acondicionado y las luces.<\/p>\n<\/div><\/section>\n<\/div><\/div><\/div><!-- close content main div --><\/div><\/div><div id='after_section_4'  class='main_color av_default_container_wrap container_wrap fullsize'  ><div class='container av-section-cont-open' ><div class='template-page content  av-content-full alpha units'><div class='post-entry post-entry-type-page post-entry-12567'><div class='entry-content-wrapper clearfix'><div  class='flex_column av-1it0mb1-3dd6bdc8fd178cdb0c267dee9222b3c6 av_one_full  avia-builder-el-13  el_after_av_section  el_before_av_section  avia-builder-el-no-sibling  first flex_column_div  '     ><section  class='av_textblock_section av-m4vlg6oy-930987a83939d44b35097c59810c2cc0 '   itemscope=\"itemscope\" itemtype=\"https:\/\/schema.org\/CreativeWork\" ><div class='avia_textblock'  itemprop=\"text\" ><p>Hemos decidido no equipar nuestros alojamientos con televisores, porque creemos que las vacaciones son el mejor momento para pasar tiempo juntos y que lo m\u00e1s bonito que hay que ver es nuestra naturaleza virgen.<\/p>\n<\/div><\/section><\/div><\/div><\/div><\/div><!-- close content main div --><\/div><\/div>\n<style type=\"text\/css\" data-created_by=\"avia_inline_auto\" id=\"style-css-av-12e1r8t-b2f916c6bde60748d40f063907bbc3a8\">\n.avia-section.av-12e1r8t-b2f916c6bde60748d40f063907bbc3a8{\nbackground-color:#33441e;\nbackground-image:unset;\n}\n<\/style>\n<div id='av_section_5'  class='avia-section av-12e1r8t-b2f916c6bde60748d40f063907bbc3a8 main_color avia-section-default avia-no-border-styling  avia-builder-el-15  el_after_av_one_full  el_before_av_one_full  avia-bg-style-scroll container_wrap fullsize'  ><div class='container av-section-cont-open' ><div class='template-page content  av-content-full alpha units'><div class='post-entry post-entry-type-page post-entry-12567'><div class='entry-content-wrapper clearfix'>\n\n<style type=\"text\/css\" data-created_by=\"avia_inline_auto\" id=\"style-css-av-m4vl4uhn-c55e189d0df3edd251084368fb538279\">\n#top .av_textblock_section.av-m4vl4uhn-c55e189d0df3edd251084368fb538279 .avia_textblock{\ncolor:#ffffff;\n}\n<\/style>\n<section  class='av_textblock_section av-m4vl4uhn-c55e189d0df3edd251084368fb538279 '   itemscope=\"itemscope\" itemtype=\"https:\/\/schema.org\/CreativeWork\" ><div class='avia_textblock av_inherit_color'  itemprop=\"text\" ><h3><strong>NUESTROS SERVICIOS<\/strong><\/h3>\n<ul>\n<li>Piscina con solarium, sombrillas, tumbonas y ducha exterior<\/li>\n<li>Sillones con mesa y sombrillas frente a la piscina para su relax<\/li>\n<li>Desayuno continental self-service con servicio de cafeter\u00eda<\/li>\n<li>Wi-Fi gratuito<\/li>\n<li>Lavadora autoservicio de pago<\/li>\n<li>Secadora de autoservicio previo pago<\/li>\n<li>Se admiten mascotas peque\u00f1as, con suplemento<\/li>\n<li>Plazas de aparcamiento privadas gratuitas para cada suite<\/li>\n<li>Contenedores de recogida de basuras en las suites<\/li>\n<\/ul>\n<\/div><\/section>\n<\/div><\/div><\/div><!-- close content main div --><\/div><\/div><div id='after_section_5'  class='main_color av_default_container_wrap container_wrap fullsize'  ><div class='container av-section-cont-open' ><div class='template-page content  av-content-full alpha units'><div class='post-entry post-entry-type-page post-entry-12567'><div class='entry-content-wrapper clearfix'><div  class='flex_column av-ni17bh-bf3eed66f1becce9f0cc7e492f292e18 av_one_full  avia-builder-el-17  el_after_av_section  avia-builder-el-no-sibling  first flex_column_div  '     ><section  class='av_textblock_section av-m4vlge1z-e309d7e86687b158861da36ec13ab3e6 '   itemscope=\"itemscope\" itemtype=\"https:\/\/schema.org\/CreativeWork\" ><div class='avia_textblock'  itemprop=\"text\" ><h3><strong>INFORMACI\u00d3N GENERAL<\/strong><\/h3>\n<p><strong>\u00a0<\/strong><\/p>\n<p>El horario de entrada es de 16:00 a 19:30 el d\u00eda de llegada y el de salida antes de las 10:00 el d\u00eda de salida.<\/p>\n<p>Las llegadas despu\u00e9s de las 19:30 deber\u00e1n ser comunicadas y acordadas con la recepci\u00f3n.<\/p>\n<p>La tarifa aplicada incluye: ropa de ba\u00f1o y de cama, consumo de electricidad, agua y gas, aire acondicionado.<\/p>\n<p>Cada suite dispone de cocina americana y est\u00e1 equipada con cuberter\u00eda y vajilla. A su llegada encontrar\u00e1 la suite lista para su estancia, con ropa de cama y toallas.<\/p>\n<p>Las toallas se cambian cada tres o cuatro d\u00edas. Para estancias superiores a 6 noches se realiza una limpieza semanal, con cambio de ropa de cama.<\/p>\n<p>Cualquier solicitud de limpieza adicional durante su estancia estar\u00e1 sujeta a un recargo.<\/p>\n<p>Al dejar la suite, se cobrar\u00e1 un recargo de 50,00 euros por no limpiar la cocina y la vajilla.<\/p>\n<p>La f\u00f3rmula de residencia no incluye el desayuno. El desayuno s\u00f3lo est\u00e1 incluido cuando se indica expresamente. Si no est\u00e1 incluido, puede a\u00f1adirse in situ por un suplemento de 10,00 euros por persona y d\u00eda.<\/p>\n<p>Horario del desayuno: de 08:00 a 10:00 h.<\/p>\n<p>Desayuno buffet continental: cereales, muesli, galletas, biscotes, plum cakes, mermeladas, Nutella, miel, cruasanes variados, embutidos, quesos, pan, yogur, fruta fresca, zumos de fruta, leche, t\u00e9 e infusiones, caf\u00e9.<\/p>\n<p>Los productos sin gluten y sin lactosa est\u00e1n siempre disponibles, pero deben indicarse al hacer la reserva y\/o el check-in<\/p>\n<p>Horario de uso de la piscina: de 09:00 a 20:00.<\/p>\n<\/div><\/section><\/div><\/p>\n","protected":false},"excerpt":{"rendered":"","protected":false},"author":1,"featured_media":0,"parent":0,"menu_order":0,"comment_status":"closed","ping_status":"closed","template":"","meta":{"footnotes":""},"class_list":["post-12567","page","type-page","status-publish","hentry"],"yoast_head":"<!-- This site is optimized with the Yoast SEO plugin v27.3 - https:\/\/yoast.com\/product\/yoast-seo-wordpress\/ -->\n<title>Servicios e informaci\u00f3n - Natur Hotel Tanca<\/title>\n<meta name=\"robots\" content=\"index, follow, max-snippet:-1, max-image-preview:large, max-video-preview:-1\" \/>\n<link rel=\"canonical\" href=\"https:\/\/naturhoteltanca.com\/es\/servicios-e-informacion\/\" \/>\n<meta property=\"og:locale\" content=\"es_ES\" \/>\n<meta property=\"og:type\" content=\"article\" \/>\n<meta property=\"og:title\" content=\"Servicios e informaci\u00f3n - Natur Hotel Tanca\" \/>\n<meta property=\"og:url\" content=\"https:\/\/naturhoteltanca.com\/es\/servicios-e-informacion\/\" \/>\n<meta property=\"og:site_name\" content=\"Natur Hotel Tanca\" \/>\n<meta property=\"article:modified_time\" content=\"2025-02-01T07:57:06+00:00\" \/>\n<meta name=\"twitter:card\" content=\"summary_large_image\" \/>\n<meta name=\"twitter:label1\" content=\"Tiempo de lectura\" \/>\n\t<meta name=\"twitter:data1\" content=\"3 minutos\" \/>\n<script type=\"application\/ld+json\" class=\"yoast-schema-graph\">{\"@context\":\"https:\\\/\\\/schema.org\",\"@graph\":[{\"@type\":\"WebPage\",\"@id\":\"https:\\\/\\\/naturhoteltanca.com\\\/es\\\/servicios-e-informacion\\\/\",\"url\":\"https:\\\/\\\/naturhoteltanca.com\\\/es\\\/servicios-e-informacion\\\/\",\"name\":\"Servicios e informaci\u00f3n - Natur Hotel Tanca\",\"isPartOf\":{\"@id\":\"https:\\\/\\\/naturhoteltanca.com\\\/#website\"},\"datePublished\":\"2024-12-19T17:15:28+00:00\",\"dateModified\":\"2025-02-01T07:57:06+00:00\",\"breadcrumb\":{\"@id\":\"https:\\\/\\\/naturhoteltanca.com\\\/es\\\/servicios-e-informacion\\\/#breadcrumb\"},\"inLanguage\":\"es\",\"potentialAction\":[{\"@type\":\"ReadAction\",\"target\":[\"https:\\\/\\\/naturhoteltanca.com\\\/es\\\/servicios-e-informacion\\\/\"]}]},{\"@type\":\"BreadcrumbList\",\"@id\":\"https:\\\/\\\/naturhoteltanca.com\\\/es\\\/servicios-e-informacion\\\/#breadcrumb\",\"itemListElement\":[{\"@type\":\"ListItem\",\"position\":1,\"name\":\"Home\",\"item\":\"https:\\\/\\\/naturhoteltanca.com\\\/home\\\/\"},{\"@type\":\"ListItem\",\"position\":2,\"name\":\"Servicios e informaci\u00f3n\"}]},{\"@type\":\"WebSite\",\"@id\":\"https:\\\/\\\/naturhoteltanca.com\\\/#website\",\"url\":\"https:\\\/\\\/naturhoteltanca.com\\\/\",\"name\":\"Natur Hotel Tanca\",\"description\":\"La tua vacanza nel cuore dell'Ogliastra\",\"potentialAction\":[{\"@type\":\"SearchAction\",\"target\":{\"@type\":\"EntryPoint\",\"urlTemplate\":\"https:\\\/\\\/naturhoteltanca.com\\\/?s={search_term_string}\"},\"query-input\":{\"@type\":\"PropertyValueSpecification\",\"valueRequired\":true,\"valueName\":\"search_term_string\"}}],\"inLanguage\":\"es\"}]}<\/script>\n<!-- \/ Yoast SEO plugin. -->","yoast_head_json":{"title":"Servicios e informaci\u00f3n - Natur Hotel Tanca","robots":{"index":"index","follow":"follow","max-snippet":"max-snippet:-1","max-image-preview":"max-image-preview:large","max-video-preview":"max-video-preview:-1"},"canonical":"https:\/\/naturhoteltanca.com\/es\/servicios-e-informacion\/","og_locale":"es_ES","og_type":"article","og_title":"Servicios e informaci\u00f3n - Natur Hotel Tanca","og_url":"https:\/\/naturhoteltanca.com\/es\/servicios-e-informacion\/","og_site_name":"Natur Hotel Tanca","article_modified_time":"2025-02-01T07:57:06+00:00","twitter_card":"summary_large_image","twitter_misc":{"Tiempo de lectura":"3 minutos"},"schema":{"@context":"https:\/\/schema.org","@graph":[{"@type":"WebPage","@id":"https:\/\/naturhoteltanca.com\/es\/servicios-e-informacion\/","url":"https:\/\/naturhoteltanca.com\/es\/servicios-e-informacion\/","name":"Servicios e informaci\u00f3n - Natur Hotel Tanca","isPartOf":{"@id":"https:\/\/naturhoteltanca.com\/#website"},"datePublished":"2024-12-19T17:15:28+00:00","dateModified":"2025-02-01T07:57:06+00:00","breadcrumb":{"@id":"https:\/\/naturhoteltanca.com\/es\/servicios-e-informacion\/#breadcrumb"},"inLanguage":"es","potentialAction":[{"@type":"ReadAction","target":["https:\/\/naturhoteltanca.com\/es\/servicios-e-informacion\/"]}]},{"@type":"BreadcrumbList","@id":"https:\/\/naturhoteltanca.com\/es\/servicios-e-informacion\/#breadcrumb","itemListElement":[{"@type":"ListItem","position":1,"name":"Home","item":"https:\/\/naturhoteltanca.com\/home\/"},{"@type":"ListItem","position":2,"name":"Servicios e informaci\u00f3n"}]},{"@type":"WebSite","@id":"https:\/\/naturhoteltanca.com\/#website","url":"https:\/\/naturhoteltanca.com\/","name":"Natur Hotel Tanca","description":"La tua vacanza nel cuore dell'Ogliastra","potentialAction":[{"@type":"SearchAction","target":{"@type":"EntryPoint","urlTemplate":"https:\/\/naturhoteltanca.com\/?s={search_term_string}"},"query-input":{"@type":"PropertyValueSpecification","valueRequired":true,"valueName":"search_term_string"}}],"inLanguage":"es"}]}},"_links":{"self":[{"href":"https:\/\/naturhoteltanca.com\/es\/wp-json\/wp\/v2\/pages\/12567","targetHints":{"allow":["GET"]}}],"collection":[{"href":"https:\/\/naturhoteltanca.com\/es\/wp-json\/wp\/v2\/pages"}],"about":[{"href":"https:\/\/naturhoteltanca.com\/es\/wp-json\/wp\/v2\/types\/page"}],"author":[{"embeddable":true,"href":"https:\/\/naturhoteltanca.com\/es\/wp-json\/wp\/v2\/users\/1"}],"replies":[{"embeddable":true,"href":"https:\/\/naturhoteltanca.com\/es\/wp-json\/wp\/v2\/comments?post=12567"}],"version-history":[{"count":2,"href":"https:\/\/naturhoteltanca.com\/es\/wp-json\/wp\/v2\/pages\/12567\/revisions"}],"predecessor-version":[{"id":12576,"href":"https:\/\/naturhoteltanca.com\/es\/wp-json\/wp\/v2\/pages\/12567\/revisions\/12576"}],"wp:attachment":[{"href":"https:\/\/naturhoteltanca.com\/es\/wp-json\/wp\/v2\/media?parent=12567"}],"curies":[{"name":"wp","href":"https:\/\/api.w.org\/{rel}","templated":true}]}}